{"id":18,"date":"2021-04-16T19:08:16","date_gmt":"2021-04-16T19:08:16","guid":{"rendered":"https:\/\/www.zupabdm-novabukovica.hr\/?page_id=18"},"modified":"2023-03-02T07:06:08","modified_gmt":"2023-03-02T07:06:08","slug":"zbor","status":"publish","type":"page","link":"https:\/\/www.zupabdm-novabukovica.hr\/?page_id=18","title":{"rendered":"Zbor"},"content":{"rendered":"\t\t<div data-elementor-type=\"wp-page\" data-elementor-id=\"18\" class=\"elementor elementor-18\">\n\t\t\t\t\t\t<section class=\"elementor-section elementor-top-section elementor-element elementor-element-33287df elementor-section-boxed elementor-section-height-default elementor-section-height-default\" data-id=\"33287df\" data-element_type=\"section\" data-e-type=\"section\">\n\t\t\t\t\t\t<div class=\"elementor-container elementor-column-gap-default\">\n\t\t\t\t\t<div class=\"elementor-column elementor-col-100 elementor-top-column elementor-element elementor-element-c557b0e\" data-id=\"c557b0e\" data-element_type=\"column\" data-e-type=\"column\">\n\t\t\t<div class=\"elementor-widget-wrap elementor-element-populated\">\n\t\t\t\t\t\t<div class=\"elementor-element elementor-element-88066c7 elementor-widget elementor-widget-text-editor\" data-id=\"88066c7\" data-element_type=\"widget\" data-e-type=\"widget\" data-widget_type=\"text-editor.default\">\n\t\t\t\t<div class=\"elementor-widget-container\">\n\t\t\t\t\t\t\t\t\t<p>U \u017eupi u Novoj Bukovici postoji bogata tradicija liturgijskog pjevanja.<\/p><p>U samom mjestu Nova Bukovica djeluje \u017eupni zbor koji uz sastav VIS Miriam pjeva nedjeljne i blagdanske mise. \u017dupni zbor sve do odlaska \u010dasnih sestara iz Nove Bukovice vodile su \u010dasne sestre, a od 2007. Zbor vodi\u00a0 \u017eupni orgulja\u0161\u00a0 Antonio Brzica, mag.mus.<\/p><p>Zbor broji 15 stalnih \u010dlanova, te ima redovite probe jedanput tjedno na kojima se priprema za nedjeljne i blagdanske mise.<\/p><p>Osim u Novoj Bukovici u \u017eupi djeluje \u017eenski voklani\u00a0 sastav\u00a0 u mjestu Mikleu\u0161u. Sastav broji 11 \u010dlanica Tako\u0111er\u00a0 uloga sastava je da pjeva nedjeljne i blagdanske mise u filijali Mikleu\u0161. Sastav vodi\u00a0 tako\u0111er \u017eupni orgulja\u0161 Antonio Brzica.<\/p><p>Jedan i drugi zbor imali su niz zajedni\u010dkih\u00a0 gostovanja u raznim \u017eupama, od istaknutijuh nastupa su pjevanje mise u Zagreba\u010dkoj katedrali \u00a02014. godine i 2019. u Nacionalnom sveti\u0161tu sv. Josipa u Karlovcu.<\/p><p>U \u017eupi djeluje Vokalno instrumentalni sastav \u201eMiriam\u201c osnovan je na blagdan sv. Josipa 19. o\u017eujka 2006. na poticaj tada\u0161njeg \u017eupnika vl\u010d. Dra\u017eena Akma\u010di\u0107a. Veliku potporu u radu sastava dala je i tada\u0161nja \u017eupna orgulja\u0161ica i voditeljica \u017eupnog zbora, \u010dasna sestra Mihaela Musi\u0107. Kroz proteklih 15. godina kroz sastav\u00a0 je pro\u0161lo oko 35 pjeva\u010da. Danas sastav broji 7. stalnih \u010dlanova. Glavna uloga sastava je pjevanje nedjeljnih i blagdanskih misa. Sastav od po\u010detka vode supru\u017enici Monika i Antonio Brzica. Sastav je kroz ovih proteklih godina ima niz gostovanja u raznim \u017eupama u Zagrebu, Sesvetama, Kra\u0161i\u0107u, Novoj Gradi\u0161ki, Privlaka kod Vinkovaca, Na\u0161icama, Virovitici, Milanovcu, Pitoma\u010di, \u00a0Feri\u010dancima, \u010ca\u010dincima, Slatini, \u010ca\u0111avici, Vo\u0107inu&#8230;<\/p>\t\t\t\t\t\t\t\t<\/div>\n\t\t\t\t<\/div>\n\t\t\t\t\t<\/div>\n\t\t<\/div>\n\t\t\t\t\t<\/div>\n\t\t<\/section>\n\t\t\t\t<section class=\"elementor-section elementor-top-section elementor-element elementor-element-ea60765 elementor-section-boxed elementor-section-height-default elementor-section-height-default\" data-id=\"ea60765\" data-element_type=\"section\" data-e-type=\"section\">\n\t\t\t\t\t\t<div class=\"elementor-container elementor-column-gap-default\">\n\t\t\t\t\t<div class=\"elementor-column elementor-col-100 elementor-top-column elementor-element elementor-element-ac56564\" data-id=\"ac56564\" data-element_type=\"column\" data-e-type=\"column\">\n\t\t\t<div class=\"elementor-widget-wrap elementor-element-populated\">\n\t\t\t\t\t\t<div class=\"elementor-element elementor-element-ebf3309 elementor-widget elementor-widget-image\" data-id=\"ebf3309\" data-element_type=\"widget\" data-e-type=\"widget\" data-widget_type=\"image.default\">\n\t\t\t\t<div class=\"elementor-widget-container\">\n\t\t\t\t\t\t\t\t\t\t\t\t\t\t\t<img fetchpriority=\"high\" decoding=\"async\" width=\"560\" height=\"420\" src=\"https:\/\/www.zupabdm-novabukovica.hr\/wp-content\/uploads\/2021\/08\/Zbor-4-768x576.jpg\" class=\"attachment-medium_large size-medium_large wp-image-607 milton-first-image skip-lazy\" alt=\"\" srcset=\"https:\/\/www.zupabdm-novabukovica.hr\/wp-content\/uploads\/2021\/08\/Zbor-4-768x576.jpg 768w, https:\/\/www.zupabdm-novabukovica.hr\/wp-content\/uploads\/2021\/08\/Zbor-4-300x225.jpg 300w, https:\/\/www.zupabdm-novabukovica.hr\/wp-content\/uploads\/2021\/08\/Zbor-4.jpg 960w\" sizes=\"(max-width: 560px) 100vw, 560px\" loading=\"eager\" \/>\t\t\t\t\t\t\t\t\t\t\t\t\t\t\t<\/div>\n\t\t\t\t<\/div>\n\t\t\t\t\t<\/div>\n\t\t<\/div>\n\t\t\t\t\t<\/div>\n\t\t<\/section>\n\t\t\t\t<section class=\"elementor-section elementor-top-section elementor-element elementor-element-f4a510b elementor-section-boxed elementor-section-height-default elementor-section-height-default\" data-id=\"f4a510b\" data-element_type=\"section\" data-e-type=\"section\">\n\t\t\t\t\t\t<div class=\"elementor-container elementor-column-gap-default\">\n\t\t\t\t\t<div class=\"elementor-column elementor-col-100 elementor-top-column elementor-element elementor-element-f38a2ce\" data-id=\"f38a2ce\" data-element_type=\"column\" data-e-type=\"column\">\n\t\t\t<div class=\"elementor-widget-wrap elementor-element-populated\">\n\t\t\t\t\t\t<div class=\"elementor-element elementor-element-e54eace elementor-widget elementor-widget-image\" data-id=\"e54eace\" data-element_type=\"widget\" data-e-type=\"widget\" data-widget_type=\"image.default\">\n\t\t\t\t<div class=\"elementor-widget-container\">\n\t\t\t\t\t\t\t\t\t\t\t\t\t\t\t<img decoding=\"async\" width=\"560\" height=\"346\" src=\"https:\/\/www.zupabdm-novabukovica.hr\/wp-content\/uploads\/2023\/03\/Djecji-zbor-sv.-Ane.png\" class=\"attachment-large size-large wp-image-1836\" alt=\"\" srcset=\"https:\/\/www.zupabdm-novabukovica.hr\/wp-content\/uploads\/2023\/03\/Djecji-zbor-sv.-Ane.png 716w, https:\/\/www.zupabdm-novabukovica.hr\/wp-content\/uploads\/2023\/03\/Djecji-zbor-sv.-Ane-300x186.png 300w\" sizes=\"(max-width: 560px) 100vw, 560px\" \/>\t\t\t\t\t\t\t\t\t\t\t\t\t\t\t<\/div>\n\t\t\t\t<\/div>\n\t\t\t\t<div class=\"elementor-element elementor-element-48e1a57 elementor-widget elementor-widget-text-editor\" data-id=\"48e1a57\" data-element_type=\"widget\" data-e-type=\"widget\" data-widget_type=\"text-editor.default\">\n\t\t\t\t<div class=\"elementor-widget-container\">\n\t\t\t\t\t\t\t\t\t<p><span style=\"color: #000000;\">Od 2021. godine u na\u0161oj \u017eupi je aktivan i dje\u010dji zbor sv. Ane.<\/span><\/p>\t\t\t\t\t\t\t\t<\/div>\n\t\t\t\t<\/div>\n\t\t\t\t\t<\/div>\n\t\t<\/div>\n\t\t\t\t\t<\/div>\n\t\t<\/section>\n\t\t\t\t<\/div>\n\t\t","protected":false},"excerpt":{"rendered":"<p>U \u017eupi u Novoj Bukovici postoji bogata tradicija liturgijskog pjevanja. U samom mjestu Nova Bukovica djeluje \u017eupni zbor koji uz sastav VIS Miriam pjeva nedjeljne i blagdanske mise. \u017dupni zbor&hellip;<\/p>\n","protected":false},"author":1,"featured_media":0,"parent":0,"menu_order":0,"comment_status":"closed","ping_status":"closed","template":"","meta":{"cybocfi_hide_featured_image":"","footnotes":""},"class_list":["post-18","page","type-page","status-publish","hentry"],"_links":{"self":[{"href":"https:\/\/www.zupabdm-novabukovica.hr\/index.php?rest_route=\/wp\/v2\/pages\/18","targetHints":{"allow":["GET"]}}],"collection":[{"href":"https:\/\/www.zupabdm-novabukovica.hr\/index.php?rest_route=\/wp\/v2\/pages"}],"about":[{"href":"https:\/\/www.zupabdm-novabukovica.hr\/index.php?rest_route=\/wp\/v2\/types\/page"}],"author":[{"embeddable":true,"href":"https:\/\/www.zupabdm-novabukovica.hr\/index.php?rest_route=\/wp\/v2\/users\/1"}],"replies":[{"embeddable":true,"href":"https:\/\/www.zupabdm-novabukovica.hr\/index.php?rest_route=%2Fwp%2Fv2%2Fcomments&post=18"}],"version-history":[{"count":10,"href":"https:\/\/www.zupabdm-novabukovica.hr\/index.php?rest_route=\/wp\/v2\/pages\/18\/revisions"}],"predecessor-version":[{"id":1839,"href":"https:\/\/www.zupabdm-novabukovica.hr\/index.php?rest_route=\/wp\/v2\/pages\/18\/revisions\/1839"}],"wp:attachment":[{"href":"https:\/\/www.zupabdm-novabukovica.hr\/index.php?rest_route=%2Fwp%2Fv2%2Fmedia&parent=18"}],"curies":[{"name":"wp","href":"https:\/\/api.w.org\/{rel}","templated":true}]}}