{"id":25,"date":"2021-04-16T19:08:16","date_gmt":"2021-04-16T19:08:16","guid":{"rendered":"https:\/\/www.zupabdm-novabukovica.hr\/?page_id=25"},"modified":"2021-05-30T18:19:03","modified_gmt":"2021-05-30T18:19:03","slug":"zupno-ekonomsko-vijece","status":"publish","type":"page","link":"https:\/\/www.zupabdm-novabukovica.hr\/?page_id=25","title":{"rendered":"\u017dupno ekonomsko vije\u0107e"},"content":{"rendered":"\t\t<div data-elementor-type=\"wp-page\" data-elementor-id=\"25\" class=\"elementor elementor-25\">\n\t\t\t\t\t\t<section class=\"elementor-section elementor-top-section elementor-element elementor-element-ee70fca elementor-section-boxed elementor-section-height-default elementor-section-height-default\" data-id=\"ee70fca\" data-element_type=\"section\" data-e-type=\"section\">\n\t\t\t\t\t\t<div class=\"elementor-container elementor-column-gap-default\">\n\t\t\t\t\t<div class=\"elementor-column elementor-col-66 elementor-top-column elementor-element elementor-element-945f8e0\" data-id=\"945f8e0\" data-element_type=\"column\" data-e-type=\"column\">\n\t\t\t<div class=\"elementor-widget-wrap elementor-element-populated\">\n\t\t\t\t\t\t<div class=\"elementor-element elementor-element-eea2ea5 elementor-widget elementor-widget-text-editor\" data-id=\"eea2ea5\" data-element_type=\"widget\" data-e-type=\"widget\" data-widget_type=\"text-editor.default\">\n\t\t\t\t<div class=\"elementor-widget-container\">\n\t\t\t\t\t\t\t\t\t<p><span style=\"color: #000000;\">\u017dupno ekonomsko vije\u0107e (\u017dEV) je tijelo koje poma\u017ee \u017eupniku u upravljanju \u017eupnim vremenitim dobrima. Prema kan. 537 Zakonika kanonskog prava treba ga imati svaka \u017eupa. Mandat \u010dlanova \u017dEV-a traje pet godina, a svaki \u010dlan mo\u017ee biti ponovno biran. \u017dEV je savjetodavno tijelo, sastavljeno od vjernika laika, predlo\u017eenih od \u017eupnika, izabranih od \u017eupne zajednice i potvr\u0111enih od dijecezanskoga biskupa. Za \u010dlanove \u017dEV-a mogu biti izabrane punoljetne osobe koje su primile sakramente kr\u0161\u0107anske inicijacije. Trebaju se odlikovati uzornim kr\u0161\u0107anskim \u017eivotom, razborito\u0161\u0107u te aktivnim sudjelovanjem u \u017eivotu \u017eupne zajednice te biti sposobne procijeniti ekonomska pitanja u crkvenom duhu i, po mogu\u0107nosti, stru\u010dne u pitanjima gospodarstva i prava. Svoju slu\u017ebu vr\u0161e besplatno.<\/span><\/p>\t\t\t\t\t\t\t\t<\/div>\n\t\t\t\t<\/div>\n\t\t\t\t\t<\/div>\n\t\t<\/div>\n\t\t\t\t<div class=\"elementor-column elementor-col-33 elementor-top-column elementor-element elementor-element-7531678\" data-id=\"7531678\" data-element_type=\"column\" data-e-type=\"column\">\n\t\t\t<div class=\"elementor-widget-wrap elementor-element-populated\">\n\t\t\t\t\t\t<div class=\"elementor-element elementor-element-23cf941 elementor-widget elementor-widget-text-editor\" data-id=\"23cf941\" data-element_type=\"widget\" data-e-type=\"widget\" data-widget_type=\"text-editor.default\">\n\t\t\t\t<div class=\"elementor-widget-container\">\n\t\t\t\t\t\t\t\t\t<hr \/><p style=\"text-align: center;\"><span style=\"color: #000000;\">\u010clanovi \u017dupnog ekonomskog vije\u0107a \u017eupe Uznesenja Bla\u017eene Djevice Marije Nova Bukovica:<\/span><\/p><ul><li style=\"text-align: center;\"><span style=\"color: #000000;\">Marija Pe\u010dek<\/span><\/li><li style=\"text-align: center;\"><span style=\"color: #000000;\">Dra\u017een Petrovi\u0107<\/span><\/li><li style=\"text-align: center;\"><span style=\"color: #000000;\">Veselko \u0160poljar<\/span><\/li><\/ul><hr \/>\t\t\t\t\t\t\t\t<\/div>\n\t\t\t\t<\/div>\n\t\t\t\t\t<\/div>\n\t\t<\/div>\n\t\t\t\t\t<\/div>\n\t\t<\/section>\n\t\t\t\t<\/div>\n\t\t","protected":false},"excerpt":{"rendered":"<p>\u017dupno ekonomsko vije\u0107e (\u017dEV) je tijelo koje poma\u017ee \u017eupniku u upravljanju \u017eupnim vremenitim dobrima. Prema kan. 537 Zakonika kanonskog prava treba ga imati svaka \u017eupa. Mandat \u010dlanova \u017dEV-a traje pet&hellip;<\/p>\n","protected":false},"author":1,"featured_media":0,"parent":0,"menu_order":0,"comment_status":"closed","ping_status":"closed","template":"","meta":{"cybocfi_hide_featured_image":"","footnotes":""},"class_list":["post-25","page","type-page","status-publish","hentry"],"_links":{"self":[{"href":"https:\/\/www.zupabdm-novabukovica.hr\/index.php?rest_route=\/wp\/v2\/pages\/25","targetHints":{"allow":["GET"]}}],"collection":[{"href":"https:\/\/www.zupabdm-novabukovica.hr\/index.php?rest_route=\/wp\/v2\/pages"}],"about":[{"href":"https:\/\/www.zupabdm-novabukovica.hr\/index.php?rest_route=\/wp\/v2\/types\/page"}],"author":[{"embeddable":true,"href":"https:\/\/www.zupabdm-novabukovica.hr\/index.php?rest_route=\/wp\/v2\/users\/1"}],"replies":[{"embeddable":true,"href":"https:\/\/www.zupabdm-novabukovica.hr\/index.php?rest_route=%2Fwp%2Fv2%2Fcomments&post=25"}],"version-history":[{"count":4,"href":"https:\/\/www.zupabdm-novabukovica.hr\/index.php?rest_route=\/wp\/v2\/pages\/25\/revisions"}],"predecessor-version":[{"id":535,"href":"https:\/\/www.zupabdm-novabukovica.hr\/index.php?rest_route=\/wp\/v2\/pages\/25\/revisions\/535"}],"wp:attachment":[{"href":"https:\/\/www.zupabdm-novabukovica.hr\/index.php?rest_route=%2Fwp%2Fv2%2Fmedia&parent=25"}],"curies":[{"name":"wp","href":"https:\/\/api.w.org\/{rel}","templated":true}]}}