{"id":27,"date":"2021-04-16T19:08:16","date_gmt":"2021-04-16T19:08:16","guid":{"rendered":"https:\/\/www.zupabdm-novabukovica.hr\/?page_id=27"},"modified":"2023-04-16T17:58:04","modified_gmt":"2023-04-16T17:58:04","slug":"galerija","status":"publish","type":"page","link":"https:\/\/www.zupabdm-novabukovica.hr\/?page_id=27","title":{"rendered":"Galerija"},"content":{"rendered":"\t\t<div data-elementor-type=\"wp-page\" data-elementor-id=\"27\" class=\"elementor elementor-27\">\n\t\t\t\t\t\t<section class=\"elementor-section elementor-top-section elementor-element elementor-element-97abbd1 elementor-section-boxed elementor-section-height-default elementor-section-height-default\" data-id=\"97abbd1\" data-element_type=\"section\" data-e-type=\"section\">\n\t\t\t\t\t\t<div class=\"elementor-container elementor-column-gap-default\">\n\t\t\t\t\t<div class=\"elementor-column elementor-col-100 elementor-top-column elementor-element elementor-element-ab64e5f\" data-id=\"ab64e5f\" data-element_type=\"column\" data-e-type=\"column\">\n\t\t\t<div class=\"elementor-widget-wrap elementor-element-populated\">\n\t\t\t\t\t\t<div class=\"elementor-element elementor-element-ad4cf10 elementor-widget elementor-widget-text-editor\" data-id=\"ad4cf10\" data-element_type=\"widget\" data-e-type=\"widget\" data-widget_type=\"text-editor.default\">\n\t\t\t\t<div class=\"elementor-widget-container\">\n\t\t\t\t\t\t\t\t\t<p><a href=\"https:\/\/www.zupabdm-novabukovica.hr\/?p=1970\">Izlet ministranata \u017dupe Nova Bukovica i pjeva\u010da dje\u010djeg zbora sv. Ane<\/a><\/p><p><a href=\"https:\/\/www.zupabdm-novabukovica.hr\/?p=1366\">I. obiteljski dan &#8211; 4.6.2022.<\/a><\/p><p><a href=\"https:\/\/www.zupabdm-novabukovica.hr\/?p=1411\">Tijelovo 2022.<\/a><\/p>\t\t\t\t\t\t\t\t<\/div>\n\t\t\t\t<\/div>\n\t\t\t\t\t<\/div>\n\t\t<\/div>\n\t\t\t\t\t<\/div>\n\t\t<\/section>\n\t\t\t\t<\/div>\n\t\t","protected":false},"excerpt":{"rendered":"<p>Izlet ministranata \u017dupe Nova Bukovica i pjeva\u010da dje\u010djeg zbora sv. Ane I. obiteljski dan &#8211; 4.6.2022. Tijelovo 2022.<\/p>\n","protected":false},"author":1,"featured_media":0,"parent":0,"menu_order":0,"comment_status":"closed","ping_status":"closed","template":"","meta":{"cybocfi_hide_featured_image":"","footnotes":""},"class_list":["post-27","page","type-page","status-publish","hentry"],"_links":{"self":[{"href":"https:\/\/www.zupabdm-novabukovica.hr\/index.php?rest_route=\/wp\/v2\/pages\/27","targetHints":{"allow":["GET"]}}],"collection":[{"href":"https:\/\/www.zupabdm-novabukovica.hr\/index.php?rest_route=\/wp\/v2\/pages"}],"about":[{"href":"https:\/\/www.zupabdm-novabukovica.hr\/index.php?rest_route=\/wp\/v2\/types\/page"}],"author":[{"embeddable":true,"href":"https:\/\/www.zupabdm-novabukovica.hr\/index.php?rest_route=\/wp\/v2\/users\/1"}],"replies":[{"embeddable":true,"href":"https:\/\/www.zupabdm-novabukovica.hr\/index.php?rest_route=%2Fwp%2Fv2%2Fcomments&post=27"}],"version-history":[{"count":19,"href":"https:\/\/www.zupabdm-novabukovica.hr\/index.php?rest_route=\/wp\/v2\/pages\/27\/revisions"}],"predecessor-version":[{"id":1978,"href":"https:\/\/www.zupabdm-novabukovica.hr\/index.php?rest_route=\/wp\/v2\/pages\/27\/revisions\/1978"}],"wp:attachment":[{"href":"https:\/\/www.zupabdm-novabukovica.hr\/index.php?rest_route=%2Fwp%2Fv2%2Fmedia&parent=27"}],"curies":[{"name":"wp","href":"https:\/\/api.w.org\/{rel}","templated":true}]}}