{"id":330,"date":"2021-04-20T20:29:56","date_gmt":"2021-04-20T20:29:56","guid":{"rendered":"https:\/\/www.zupabdm-novabukovica.hr\/?page_id=330"},"modified":"2021-05-09T19:28:27","modified_gmt":"2021-05-09T19:28:27","slug":"zupna-crkva","status":"publish","type":"page","link":"https:\/\/www.zupabdm-novabukovica.hr\/?page_id=330","title":{"rendered":"\u017dupna crkva"},"content":{"rendered":"\t\t<div data-elementor-type=\"wp-page\" data-elementor-id=\"330\" class=\"elementor elementor-330\">\n\t\t\t\t\t\t<section class=\"elementor-section elementor-top-section elementor-element elementor-element-30847bf elementor-section-boxed elementor-section-height-default elementor-section-height-default\" data-id=\"30847bf\" data-element_type=\"section\" data-e-type=\"section\">\n\t\t\t\t\t\t<div class=\"elementor-container elementor-column-gap-default\">\n\t\t\t\t\t<div class=\"elementor-column elementor-col-100 elementor-top-column elementor-element elementor-element-7c5ee1d\" data-id=\"7c5ee1d\" data-element_type=\"column\" data-e-type=\"column\">\n\t\t\t<div class=\"elementor-widget-wrap elementor-element-populated\">\n\t\t\t\t\t\t<div class=\"elementor-element elementor-element-4893ffb elementor-widget elementor-widget-text-editor\" data-id=\"4893ffb\" data-element_type=\"widget\" data-e-type=\"widget\" data-widget_type=\"text-editor.default\">\n\t\t\t\t<div class=\"elementor-widget-container\">\n\t\t\t\t\t\t\t\t\t<p><span style=\"color: #000000;\"><strong><u>Gradnja crkve u Novoj Bukovici<\/u><\/strong><\/span><\/p><p><span style=\"color: #000000;\">\u010cinjenica da se ova \u017eupa iz dana u dan sve vi\u0161e pove\u0107avala, ponukala je tada\u0161njeg \u017eupnika da uznastoji oko izgradnje nove, prostrane \u017eupne crkve. <\/span><span style=\"color: #000000;\">Premda su zidovi stare crkve bili dosta \u010dvrsti, bila joj je ostala gornja gra\u0111a-strop, naime, i krov &#8211; ve\u0107 jako tro\u0161na, cijela zgrada neugledna, niska i mra\u010dna, a \u0161to je glavno: bila je za tada\u0161nje okolnosti premalena jer su u nju jedva stala sva \u0161kolska djeca s odraslom mlade\u017ei.<\/span><\/p><p><span style=\"color: #000000;\">Svi ti razlozi potaknu\u0161e dakle tada\u0161njeg \u017eupnika (Ciprijanovi\u0107a), te je podneskom od 15. lipnja 1896. predstavio stanje pre\u010dasnom Duhovnom stolu u Zagrebu, zamolio za naputak, kako bi se u Novoj Bukovici dostojna ku\u0107a Bo\u017eja prema broju pu\u010danstva sagradila.<\/span><\/p><p><span style=\"color: #000000;\">Rje\u0161enjem od 10. kolovoza 1896. br. 3096. uputio je pre\u010dasni Nadbiskupski duhovni stol \u017eupnika da se sporazumi s vlastelinstvom viroviti\u010dkim kao patronom crkve, odnosno radi novogradnje same crkve.<\/span><\/p><p><span style=\"color: #000000;\">Prema tome je naputku slijedila je slu\u017ebena pismena korespondencija s kraljevskom kotarskom oblasti u Slatini, odnosno kraljevskom \u017eupanijskom oblasti \u017eupanije viroviti\u010dke u Osijeku, kao i usmeno i pismeno sa ravnateljstvom dobara prejasno vladaju\u0107eg kneza Stjepana Albrechta \u0110ure Schaumburg-Lippea, poimence s dvorskim savjetnikom Adolfom Hansemanom, \u0161to je sve skupa dovelo do odre\u0111enja doprinosne rasprave, koja je provedena dana 20. svibnja 1899. uz rukovodstvo kraljevskog kotarskog predstojnika dr. Edvarda Kri\u017ea kao \u017eupanijskog izaslanika na licu mjesta u Novoj Bukovici.<\/span><\/p>\t\t\t\t\t\t\t\t<\/div>\n\t\t\t\t<\/div>\n\t\t\t\t\t<\/div>\n\t\t<\/div>\n\t\t\t\t\t<\/div>\n\t\t<\/section>\n\t\t\t\t<section class=\"elementor-section elementor-top-section elementor-element elementor-element-304779c elementor-section-boxed elementor-section-height-default elementor-section-height-default\" data-id=\"304779c\" data-element_type=\"section\" data-e-type=\"section\">\n\t\t\t\t\t\t<div class=\"elementor-container elementor-column-gap-default\">\n\t\t\t\t\t<div class=\"elementor-column elementor-col-100 elementor-top-column elementor-element elementor-element-39fe035\" data-id=\"39fe035\" data-element_type=\"column\" data-e-type=\"column\">\n\t\t\t<div class=\"elementor-widget-wrap elementor-element-populated\">\n\t\t\t\t\t\t<div class=\"elementor-element elementor-element-8fda2fa elementor-widget elementor-widget-image\" data-id=\"8fda2fa\" data-element_type=\"widget\" data-e-type=\"widget\" data-widget_type=\"image.default\">\n\t\t\t\t<div class=\"elementor-widget-container\">\n\t\t\t\t\t\t\t\t\t\t\t\t<figure class=\"wp-caption\">\n\t\t\t\t\t\t\t\t\t\t<img decoding=\"async\" src=\"https:\/\/www.zupabdm-novabukovica.hr\/wp-content\/uploads\/2021\/05\/Stara-crkva-u-Novoj-Bukovici.png\" title=\"Stara crkva u Novoj Bukovici\" alt=\"Stara crkva u Novoj Bukovici\" loading=\"lazy\" \/>\t\t\t\t\t\t\t\t\t\t\t<figcaption class=\"widget-image-caption wp-caption-text\">Stara crkva u Novoj Bukovici<\/figcaption>\n\t\t\t\t\t\t\t\t\t\t<\/figure>\n\t\t\t\t\t\t\t\t\t<\/div>\n\t\t\t\t<\/div>\n\t\t\t\t\t<\/div>\n\t\t<\/div>\n\t\t\t\t\t<\/div>\n\t\t<\/section>\n\t\t\t\t<section class=\"elementor-section elementor-top-section elementor-element elementor-element-dadaf36 elementor-section-boxed elementor-section-height-default elementor-section-height-default\" data-id=\"dadaf36\" data-element_type=\"section\" data-e-type=\"section\">\n\t\t\t\t\t\t<div class=\"elementor-container elementor-column-gap-default\">\n\t\t\t\t\t<div class=\"elementor-column elementor-col-100 elementor-top-column elementor-element elementor-element-b5338f8\" data-id=\"b5338f8\" data-element_type=\"column\" data-e-type=\"column\">\n\t\t\t<div class=\"elementor-widget-wrap elementor-element-populated\">\n\t\t\t\t\t\t<div class=\"elementor-element elementor-element-191ddb9 elementor-widget elementor-widget-text-editor\" data-id=\"191ddb9\" data-element_type=\"widget\" data-e-type=\"widget\" data-widget_type=\"text-editor.default\">\n\t\t\t\t<div class=\"elementor-widget-container\">\n\t\t\t\t\t\t\t\t\t<p><span style=\"color: #000000;\"><strong><u>Rad odbora za gradnju nove crkve<\/u><\/strong><\/span><\/p><p><span style=\"color: #000000;\">Na toj doprinosnoj raspravi svi priznani zainteresirani \u010dimbenici, kao i sam zastupnik vlastelinstva viroviti\u010dkog, prizna\u0161e potrebu novogradnje crkve, te ustanovi\u0161e i pristado\u0161e na slijede\u0107i tro\u0161kovnik:<\/span><\/p><p><span style=\"color: #000000;\">Tro\u0161ak novogradnje crkve s popravkom starog zvonika iznosio bi 12.500 forinti. Od toga otpadalo bi na vlastelinstvo viroviti\u010dko\u00a0\u00a0\u00a0\u00a0\u00a0\u00a0\u00a0\u00a0 <\/span><\/p><ul><li><span style=\"color: #000000;\">za gra\u0111evne tro\u0161kove:\u00a0\u00a0\u00a0\u00a0\u00a0\u00a0\u00a0\u00a0\u00a0\u00a0\u00a0 10.028 for. 38 nv\u010d<\/span><\/li><li><span style=\"color: #000000;\">za ru\u010dne te\u017eake: \u00a0\u00a0\u00a0\u00a0\u00a0\u00a0\u00a0\u00a0\u00a0\u00a0\u00a0\u00a0\u00a0\u00a0\u00a0\u00a0\u00a0\u00a0\u00a0\u00a0\u00a0 964 for. 36 nv\u010d<\/span><\/li><li><span style=\"color: #000000;\">za podvoze:\u00a0\u00a0\u00a0\u00a0\u00a0\u00a0\u00a0\u00a0\u00a0\u00a0\u00a0\u00a0\u00a0\u00a0\u00a0\u00a0\u00a0\u00a0\u00a0\u00a0\u00a0\u00a0\u00a0\u00a0\u00a0\u00a0\u00a0\u00a0\u00a0 507 for. 26 nv\u010d<\/span><\/li><\/ul><p><span style=\"color: #000000;\">Ukupno 12.500 for. &#8211; nv\u010d.<\/span><\/p><p><span style=\"color: #000000;\">Podvoz za prijevoz gra\u0111e i ru\u010dne te\u017eake \u017eupljani bi u gotovu novcu namirili. Kako bi se gradnjom nove crkve uz stari toranj cjelokupna gra\u0111evina vrlo unakazila, a naro\u010dito \u0161to bi ulaz ispod zvonika bio nespretan i tijesan, \u017eupnik je povjerenstvu predlo\u017eio da bi se stari toranj poru\u0161io i novi prema polo\u017eaju mjesta, tj. prema cesti izgradio, tako da bi pro\u010delje crkve do\u0161lo na suprotnu stranu od postoje\u0107eg. S tim prijedlogom sporazumje\u0161e se odmah izaslanici, te uvi\u0111aju\u0107i opravdanost njegova prijedloga obe\u0107a\u0161e u to ime prinos od 2000 kruna, da se na \u017eupljane raspore\u017ee, ako se pro\u010delje crkve s posve novim zvonikom na suprotnu stranu, tj. prema dr\u017eavnoj cesti okrene. Kako su \u017eupljani silno \u017eeljeli da se tako crkva izgradi i po radi raspolo\u017eenja svojih \u017eupljana, izjavi odmah i \u017eupnik pripravnim da \u0107e u to ime od svoje \u0161tednje drage volje dati doprinos od 2000 kr. a za manjak da \u0107e nastojati inim na\u010dinom, a ne daljnjim rasporezom na \u017eupljane namaknuti.<\/span><\/p><p><span style=\"color: #000000;\">Prema tim izjavama sastavljen je i novi tro\u0161kovnik koji je kraljevska \u017eupanijska oblast u Osijeku i visoka kraljevska zemaljska vlada u Zagrebu ispitala i odobrila, prema kojemu je ustanovljeno:<\/span><\/p><ul><li><span style=\"color: #000000;\">Gradnja \u017eupne crkve\u00a0\u00a0\u00a0\u00a0 K. 25.000,00<\/span><\/li><li><span style=\"color: #000000;\">Gradnja zvonika\u00a0\u00a0\u00a0\u00a0\u00a0\u00a0\u00a0\u00a0\u00a0\u00a0\u00a0\u00a0\u00a0 K. 9.902,64<\/span><\/li><\/ul><p><span style=\"color: #000000;\">Ukupno 34.902,64 K.<\/span><\/p><p><span style=\"color: #000000;\">Zauzimanjem gospodina velikog \u017eupana \u017eupanije viroviti\u010dke Levina pl. Chavraka Letovani\u010dkog uva\u017eena bija\u0161e predstavka crkvene op\u0107ine Nova Bukovica, te je uslijedilo rje\u0161enje visoke kraljevske zemaljske vlade od 29. kolovoza 1903. br. 6965.1902, kojim je kona\u010dno dozna\u010dena pomo\u0107 iz zemaljskih sredstava u iznosu od 6000 kruna, i to u svrhu posvema\u0161nje novogradnje crkve i zvonika.<\/span><\/p><p><span style=\"color: #000000;\">I tako je, dakle, napokon do\u0161lo da se pristupi izgradnji i da je crkva po odobrenom nacrtu u ovom obliku mogla biti sagra\u0111ena.<\/span><\/p>\t\t\t\t\t\t\t\t<\/div>\n\t\t\t\t<\/div>\n\t\t\t\t\t<\/div>\n\t\t<\/div>\n\t\t\t\t\t<\/div>\n\t\t<\/section>\n\t\t\t\t<section class=\"elementor-section elementor-top-section elementor-element elementor-element-dd55483 elementor-section-boxed elementor-section-height-default elementor-section-height-default\" data-id=\"dd55483\" data-element_type=\"section\" data-e-type=\"section\">\n\t\t\t\t\t\t<div class=\"elementor-container elementor-column-gap-default\">\n\t\t\t\t\t<div class=\"elementor-column elementor-col-100 elementor-top-column elementor-element elementor-element-714aeb8\" data-id=\"714aeb8\" data-element_type=\"column\" data-e-type=\"column\">\n\t\t\t<div class=\"elementor-widget-wrap elementor-element-populated\">\n\t\t\t\t\t\t<div class=\"elementor-element elementor-element-eaec5a4 elementor-widget elementor-widget-image\" data-id=\"eaec5a4\" data-element_type=\"widget\" data-e-type=\"widget\" data-widget_type=\"image.default\">\n\t\t\t\t<div class=\"elementor-widget-container\">\n\t\t\t\t\t\t\t\t\t\t\t\t<figure class=\"wp-caption\">\n\t\t\t\t\t\t\t\t\t\t<img fetchpriority=\"high\" decoding=\"async\" width=\"489\" height=\"671\" src=\"https:\/\/www.zupabdm-novabukovica.hr\/wp-content\/uploads\/2021\/05\/Izgradnja-crkve.png\" class=\"attachment-large size-large wp-image-379 milton-first-image skip-lazy\" alt=\"\" srcset=\"https:\/\/www.zupabdm-novabukovica.hr\/wp-content\/uploads\/2021\/05\/Izgradnja-crkve.png 489w, https:\/\/www.zupabdm-novabukovica.hr\/wp-content\/uploads\/2021\/05\/Izgradnja-crkve-219x300.png 219w\" sizes=\"(max-width: 489px) 100vw, 489px\" loading=\"eager\" \/>\t\t\t\t\t\t\t\t\t\t\t<figcaption class=\"widget-image-caption wp-caption-text\">Gradnja crkve<\/figcaption>\n\t\t\t\t\t\t\t\t\t\t<\/figure>\n\t\t\t\t\t\t\t\t\t<\/div>\n\t\t\t\t<\/div>\n\t\t\t\t\t<\/div>\n\t\t<\/div>\n\t\t\t\t\t<\/div>\n\t\t<\/section>\n\t\t\t\t<section class=\"elementor-section elementor-top-section elementor-element elementor-element-5a3d126 elementor-section-boxed elementor-section-height-default elementor-section-height-default\" data-id=\"5a3d126\" data-element_type=\"section\" data-e-type=\"section\">\n\t\t\t\t\t\t<div class=\"elementor-container elementor-column-gap-default\">\n\t\t\t\t\t<div class=\"elementor-column elementor-col-100 elementor-top-column elementor-element elementor-element-8598d6f\" data-id=\"8598d6f\" data-element_type=\"column\" data-e-type=\"column\">\n\t\t\t<div class=\"elementor-widget-wrap elementor-element-populated\">\n\t\t\t\t\t\t<div class=\"elementor-element elementor-element-d60de31 elementor-widget elementor-widget-text-editor\" data-id=\"d60de31\" data-element_type=\"widget\" data-e-type=\"widget\" data-widget_type=\"text-editor.default\">\n\t\t\t\t<div class=\"elementor-widget-container\">\n\t\t\t\t\t\t\t\t\t<p><span style=\"color: #000000;\"><strong><u>Po\u010detak radova<\/u><\/strong><\/span><\/p><p><span style=\"color: #000000;\">Na dan 17. velja\u010de 1904. bili su izaslani u Novu Bukovicu zanatlije i radnici koji su obavljali pripremne radove kako bi staru crkvu sru\u0161ili i na istom mjestu zapo\u010deli zidati novu.<\/span><\/p><p><span style=\"color: #000000;\">Nakon \u0161to je prire\u0111ena prostorija u kojoj \u0107e se za trajanja i izvo\u0111enja novogradnje crkve privremeno obavljati slu\u017eba Bo\u017eja, U staroj crkvi slu\u017eio je po posljednji put slu\u017ebu Bo\u017eju \u017eupnik Andrija Ciprijanovi\u0107 dana 24. velja\u010de 1904. godine uz asistenciju gg. Mije pl. Haramin\u010di\u0107a, novobukova\u010dkog kapelana, i Vladimira Kosa, kapelana sladojeva\u010dkog. Taj dan sakupilo se naroda u veliku broju tako da je ogromna ve\u0107ina morala izvan crkve ostati, osje\u0107alo se na svima neopisivo \u010duvstvo i uzbu\u0111enost kad im je \u017dupnik spomenuo \u0161to ih sve treba podsjetiti na staru crkvu i koje su sve milosti u njoj primili. Nakon obavljene slu\u017ebe Bo\u017eje bio je ganutljiv prizor prijenosa Presvetoga u za to pripravljenu zgradicu za budu\u0107e obavljanje slu\u017ebe Bo\u017eje, te se nakon toga narod razi\u0161ao svojim ku\u0107ama sa nadom da \u0107e, s pomo\u0107u Bo\u017ejom, radosne dane do\u017eivjeti u novoj ku\u0107i Bo\u017ejoj.<\/span><\/p><p><span style=\"color: #000000;\">Slijede\u0107i dan, 25, velja\u010de, nakon \u0161to su preostali crkveni predmeti iz crkve izneseni, zapo\u010delo je ru\u0161enje crkve koja je za tri tjedna bila sravnjena sa zemljom. Dana 16. o\u017eujka 1904, zapo\u010delo se skoro na istom mjestu s kopanjem temelja za novu crkvu, pro\u010deljem prema sjeveroistoku. Izgradnju nove crkve rukovodi g. Herman Borchhard. graditelj vlastelinstva viroviti\u010dkog.<\/span><\/p><p><span style=\"color: #000000;\"><strong><u>Blagoslov crkve<\/u><\/strong><\/span><\/p><p><span style=\"color: #000000;\">Posveta crkve obavljena je na Miholje 1907. godine. Posvetu je obavio gospodin pomo\u0107ni biskup i generalni vikar Dr. Ivana Krapac. Za tu prigodu stigao je u pratnji monsinjora Dr. Lovre Radi\u010devi\u0107a dana 27. rujna vlakom u Slatinu, a iz Slatine ko\u010dijom u Novu Bukovicu. Putem radosno od naroda pozdravljen a u Slatini na kolodvoru do\u010dekan po zastupnicima oblasti, vicearhi\u0111akonu Stjepanu Filipovi\u0107a i \u017eupanijskom tajniku iz Osijeka Juliju H\u00f6ckeru. U Novoj Bukovici najsve\u010danije primljen i pozdravljen po na\u010delniku Stevi Radovi\u0107u. Za sve\u010dani do\u010dek u\u010dinilo se je sve \u0161to se moglo. Krasan slavoluk, rasvjeta mjesta, crkvena zvona, mu\u017eari, doma\u0107a glazba, koja je prvi put javno nastupila i zasvirala \u201eLijepa na\u0161a\u201c, pa mnogobrojno sve\u0107enstvo, sva inteligencija i cijela \u017eupa na\u0161la se one nezaboravne ve\u010deri na okupu da pozdravi svog biskupa. Sutradan 28. rujna, bio je post za cijelu \u017eupu i za posvetitelja biskupa koji je prije podne slu\u017eio svetu misu u kapeli na groblju, zatim ispitivao djecu iz pu\u010dke \u0161kole katekizam, te se povoljno izrazio o znanju \u0161kolske mlade\u017ei.\u00a0 U nedjelju na Miholje oko 7:00 ujutro po\u010deo je gospodin biskup sve\u010dani obred. Poslije toga slu\u017eio je sve\u010danu pontifikalnu svetu misu. Propovijedao je \u017eupnik iz Grubi\u0161nog polja Ivan Nep.\u00a0 Jemer\u0161i\u0107, a na koru pjevalo je slatinsko pjeva\u010dko dru\u0161tvo \u201eZrinjski\u201c. Nakon crkvene sve\u010danosti pogostio je doma\u0107i \u017eupnik biskupa, sve\u0107enstvo, zastupnike oblasti te mnogobrojne druge odli\u010dnike. \u00a0Za vrijeme objeda nazdravilo se svetom Ocu, \u00a0nadbiskupu, patronu i biskupu konsekratoru crkve.<\/span><\/p>\t\t\t\t\t\t\t\t<\/div>\n\t\t\t\t<\/div>\n\t\t\t\t\t<\/div>\n\t\t<\/div>\n\t\t\t\t\t<\/div>\n\t\t<\/section>\n\t\t\t\t<section class=\"elementor-section elementor-top-section elementor-element elementor-element-2254211 elementor-section-boxed elementor-section-height-default elementor-section-height-default\" data-id=\"2254211\" data-element_type=\"section\" data-e-type=\"section\">\n\t\t\t\t\t\t<div class=\"elementor-container elementor-column-gap-default\">\n\t\t\t\t\t<div class=\"elementor-column elementor-col-100 elementor-top-column elementor-element elementor-element-6446122\" data-id=\"6446122\" data-element_type=\"column\" data-e-type=\"column\">\n\t\t\t<div class=\"elementor-widget-wrap elementor-element-populated\">\n\t\t\t\t\t\t<div class=\"elementor-element elementor-element-c68250f elementor-widget elementor-widget-image\" data-id=\"c68250f\" data-element_type=\"widget\" data-e-type=\"widget\" data-widget_type=\"image.default\">\n\t\t\t\t<div class=\"elementor-widget-container\">\n\t\t\t\t\t\t\t\t\t\t\t\t<figure class=\"wp-caption\">\n\t\t\t\t\t\t\t\t\t\t<img decoding=\"async\" width=\"560\" height=\"420\" src=\"https:\/\/www.zupabdm-novabukovica.hr\/wp-content\/uploads\/2021\/05\/Zupna-crkva.jpg\" class=\"attachment-large size-large wp-image-378\" alt=\"\" srcset=\"https:\/\/www.zupabdm-novabukovica.hr\/wp-content\/uploads\/2021\/05\/Zupna-crkva.jpg 1024w, https:\/\/www.zupabdm-novabukovica.hr\/wp-content\/uploads\/2021\/05\/Zupna-crkva-300x225.jpg 300w, https:\/\/www.zupabdm-novabukovica.hr\/wp-content\/uploads\/2021\/05\/Zupna-crkva-768x576.jpg 768w\" sizes=\"(max-width: 560px) 100vw, 560px\" \/>\t\t\t\t\t\t\t\t\t\t\t<figcaption class=\"widget-image-caption wp-caption-text\">\u017dupna crkva danas<\/figcaption>\n\t\t\t\t\t\t\t\t\t\t<\/figure>\n\t\t\t\t\t\t\t\t\t<\/div>\n\t\t\t\t<\/div>\n\t\t\t\t\t<\/div>\n\t\t<\/div>\n\t\t\t\t\t<\/div>\n\t\t<\/section>\n\t\t\t\t<section class=\"elementor-section elementor-top-section elementor-element elementor-element-2355645 elementor-section-boxed elementor-section-height-default elementor-section-height-default\" data-id=\"2355645\" data-element_type=\"section\" data-e-type=\"section\">\n\t\t\t\t\t\t<div class=\"elementor-container elementor-column-gap-default\">\n\t\t\t\t\t<div class=\"elementor-column elementor-col-100 elementor-top-column elementor-element elementor-element-c8b0ad6\" data-id=\"c8b0ad6\" data-element_type=\"column\" data-e-type=\"column\">\n\t\t\t<div class=\"elementor-widget-wrap elementor-element-populated\">\n\t\t\t\t\t\t<div class=\"elementor-element elementor-element-88b0a90 elementor-widget elementor-widget-text-editor\" data-id=\"88b0a90\" data-element_type=\"widget\" data-e-type=\"widget\" data-widget_type=\"text-editor.default\">\n\t\t\t\t<div class=\"elementor-widget-container\">\n\t\t\t\t\t\t\t\t\t<p><span style=\"color: #000000;\"><strong><u>Crkva<\/u><\/strong><\/span><\/p><p><span style=\"color: #000000;\">\u017dupna crkva Uznesenja Bla\u017eene Djevice Marije sagra\u0111ena je u periodu \u00a01904.g -1907.g . u neogoti\u010dkom stilu, izgra\u0111ena je na mjestu starije barokne crkve, a ta starija barokna crkva bila je izgra\u0111ena 1786. godine\u00a0 na temeljima stare templarske crkve. Crkva je jednobrodna, zaklju\u010dena poligonalnom apsidom kojoj je na stra\u017enjoj strani prigra\u0111ena sakristija poligonalnog tlocrta. Na uli\u010dnom pro\u010delju gra\u0111evine ukomponiran je zvonik koji je razdjelnim vijencima podijeljen u dvije eta\u017ee. Zvonik je pokriven izrazito visokim krovom u obliku osmerostrane piramide s pokrovom od lima. La\u0111a crkve je pokrivena dvostre\u0161nim drvenim krovi\u0161tem sa pokrovom od biber crijepa.. Vanjski zidni pla\u0161t poja\u010dan je kontraforima. Pro\u010delja su izvedena u fasadnoj opeci s profilacijama oko otvora, vijencima i soklom u \u017ebuci.<\/span><\/p><p><span style=\"color: #000000;\">Kako crkva ima jednu la\u0111u odmah upada u o\u010di glavni oltar s kipom Bla\u017eene Djevice Marije na nebu uznesene. Oltar i kip sugestivno podi\u017eu o\u010di vjernika prema gore, to svjedo\u010di mno\u0161tvo vjernika koji \u00a0svake godine dolazi ovamo na ispovijed i pri\u010dest, i na pro\u0161tenje 15 kolovoza. Sa strane oltara su kipovi svete bra\u0107e \u0106irila i Metoda. Bo\u010dno su postavljena jo\u0161 dva oltara s lijeve strane \u00a0sveta tri kralja \u010dije je pro\u0161tenje 6 sije\u010dnja a sa strane je Kip Svetog Andrije Bobola i Svetog Alojzija za\u0161titnika mlade\u017ei. Na desnoj se strani nalazi oltar Svete Ane \u010diji je Kip u sredini dok su sa strane kipovi Svetog Josipa i svetog Andrija apostola. Na blagdan Svete Ane 26. srpnja, dolaze ovamo vjernici susjednih \u017dupa. Oltare, ispovjedaonice i krstionicu na\u010dinio je mladi vrsni graditelj iz Tirola Alojzije Zwanger. Orgulje je na\u010dinio majstor iz \u010de\u0161ke po imenu Mozer. Crkvu nadalje ukra\u0161uje kri\u017eni put velike umjetni\u010dke vrijednosti, a izrada je naru\u010dena 1918. kod Josipa Kaplana iz Zagreba, a posve\u0107enje je bilo 29. travnja 1923. U crkvi se jo\u0161 nalazi Kip Svetog Antuna, a posve\u0107en je na dan godi\u0161njeg kle\u010danja 1914. godine. U crkvi je i kip Svetog Nikole Taveli\u0107a, tako\u0111er u crkvi se nalazi i kip Bla\u017eenog Leopolda Bogdana Mandi\u0107a. Treba spomenuti i crkvenu ogradu iz 1812. godine ru\u010dni rad iz Zagreba. Sat na tornju na\u010dinjen je 5. svibnja 1938. a napravio ga je majstori iz Osijeka Ivan Zelenko. Oko crkve 2004. godine su izgra\u0111ene vanjske postaje kri\u017enog puta.<\/span><\/p><p><span style=\"color: #000000;\">Rje\u0161enjem ministarstva kulture, 2010. godine crkva je dobila svojstvo kulturnog dobra, te je upisana u Registar kulturnih dobara Republike Hrvatske \u2013 listu za\u0161ti\u0107enih kulturnih dobara.<\/span><\/p><p><span style=\"color: #000000;\"><strong><u>Obnova Crkve<\/u><\/strong><\/span><\/p><p><span style=\"color: #000000;\">Nakon dobivenih potrebnih dozvola, dana 18. kolovoza 2015. godine zapo\u010dinju radovi na obnovi \u017eupne crkve. Zapo\u010delo je postavljanje skele oko zvonika, kako bi se pristupilo kompletnoj obnovi. Na zvoniku je promijenjena kompletna gra\u0111a, te je umjesto bojanog lima prekriven bakrenim limom.<\/span><\/p><p><span style=\"color: #000000;\">Tako\u0111er pozla\u0107ena je jabuka ispod kri\u017ea. Obnovljeni kri\u017e vra\u0107en je na vazmeni utorak 2016. godine.\u00a0 Iste godine je obnovljen sat na zvoniku, te je obavljena rekonstrukcija nosa\u010da i ponovna elektrifikacija zvona, a uz dosada\u0161nja tri, elektrificirano je i \u010detvrto najmanje zvono. Tokom 2017. godine obnavljala se fasada zvonika, gdje je zamijenjena dotrajala opeka, te obnovljene fuge i betonski elementi, ujedno su zamijenjene drvene \u0161alukatre. Drena\u017ea oko cijele crkve napravljena je 2018. godine kada je zapo\u010dela i obnova sokla oko cijele crkve. Obnova vitraja zapo\u010dela je 2019. godine, a radovi su jo\u0161 uvijek u tijeku, tako\u0111er iste godine je obnovljeno krovi\u0161te crkve. Zamijenjeni su dotrajali dijelovi gra\u0111e, krovi\u0161te je podaskano i poletvano, te prekriveno novim biber crijepom. Tako\u0111er promijenjena je kompletna limarija i rine na crkvi<\/span><\/p>\t\t\t\t\t\t\t\t<\/div>\n\t\t\t\t<\/div>\n\t\t\t\t\t<\/div>\n\t\t<\/div>\n\t\t\t\t\t<\/div>\n\t\t<\/section>\n\t\t\t\t<\/div>\n\t\t","protected":false},"excerpt":{"rendered":"<p>Gradnja crkve u Novoj Bukovici \u010cinjenica da se ova \u017eupa iz dana u dan sve vi\u0161e pove\u0107avala, ponukala je tada\u0161njeg \u017eupnika da uznastoji oko izgradnje nove, prostrane \u017eupne crkve. Premda&hellip;<\/p>\n","protected":false},"author":1,"featured_media":0,"parent":0,"menu_order":0,"comment_status":"closed","ping_status":"closed","template":"","meta":{"cybocfi_hide_featured_image":"","footnotes":""},"class_list":["post-330","page","type-page","status-publish","hentry"],"_links":{"self":[{"href":"https:\/\/www.zupabdm-novabukovica.hr\/index.php?rest_route=\/wp\/v2\/pages\/330","targetHints":{"allow":["GET"]}}],"collection":[{"href":"https:\/\/www.zupabdm-novabukovica.hr\/index.php?rest_route=\/wp\/v2\/pages"}],"about":[{"href":"https:\/\/www.zupabdm-novabukovica.hr\/index.php?rest_route=\/wp\/v2\/types\/page"}],"author":[{"embeddable":true,"href":"https:\/\/www.zupabdm-novabukovica.hr\/index.php?rest_route=\/wp\/v2\/users\/1"}],"replies":[{"embeddable":true,"href":"https:\/\/www.zupabdm-novabukovica.hr\/index.php?rest_route=%2Fwp%2Fv2%2Fcomments&post=330"}],"version-history":[{"count":28,"href":"https:\/\/www.zupabdm-novabukovica.hr\/index.php?rest_route=\/wp\/v2\/pages\/330\/revisions"}],"predecessor-version":[{"id":414,"href":"https:\/\/www.zupabdm-novabukovica.hr\/index.php?rest_route=\/wp\/v2\/pages\/330\/revisions\/414"}],"wp:attachment":[{"href":"https:\/\/www.zupabdm-novabukovica.hr\/index.php?rest_route=%2Fwp%2Fv2%2Fmedia&parent=330"}],"curies":[{"name":"wp","href":"https:\/\/api.w.org\/{rel}","templated":true}]}}