{"id":903,"date":"2021-10-24T18:29:41","date_gmt":"2021-10-24T18:29:41","guid":{"rendered":"https:\/\/www.zupabdm-novabukovica.hr\/?page_id=903"},"modified":"2022-05-02T09:22:47","modified_gmt":"2022-05-02T09:22:47","slug":"molitve","status":"publish","type":"page","link":"https:\/\/www.zupabdm-novabukovica.hr\/?page_id=903","title":{"rendered":"Molitve"},"content":{"rendered":"\t\t<div data-elementor-type=\"wp-page\" data-elementor-id=\"903\" class=\"elementor elementor-903\">\n\t\t\t\t\t\t<section class=\"elementor-section elementor-top-section elementor-element elementor-element-1a1db35 elementor-section-boxed elementor-section-height-default elementor-section-height-default\" data-id=\"1a1db35\" data-element_type=\"section\" data-e-type=\"section\">\n\t\t\t\t\t\t<div class=\"elementor-container elementor-column-gap-default\">\n\t\t\t\t\t<div class=\"elementor-column elementor-col-100 elementor-top-column elementor-element elementor-element-e31280c\" data-id=\"e31280c\" data-element_type=\"column\" data-e-type=\"column\">\n\t\t\t<div class=\"elementor-widget-wrap elementor-element-populated\">\n\t\t\t\t\t\t<div class=\"elementor-element elementor-element-49aade2 elementor-widget elementor-widget-image\" data-id=\"49aade2\" data-element_type=\"widget\" data-e-type=\"widget\" data-widget_type=\"image.default\">\n\t\t\t\t<div class=\"elementor-widget-container\">\n\t\t\t\t\t\t\t\t\t\t\t\t\t\t\t<img fetchpriority=\"high\" decoding=\"async\" width=\"728\" height=\"400\" src=\"https:\/\/www.zupabdm-novabukovica.hr\/wp-content\/uploads\/2021\/10\/molitva-728x400.jpg\" class=\"attachment-milton-lite-thumb-slideshow size-milton-lite-thumb-slideshow wp-image-905 milton-first-image skip-lazy\" alt=\"\" loading=\"eager\" \/>\t\t\t\t\t\t\t\t\t\t\t\t\t\t\t<\/div>\n\t\t\t\t<\/div>\n\t\t\t\t<div class=\"elementor-element elementor-element-d9ec575 elementor-widget elementor-widget-accordion\" data-id=\"d9ec575\" data-element_type=\"widget\" data-e-type=\"widget\" data-widget_type=\"accordion.default\">\n\t\t\t\t<div class=\"elementor-widget-container\">\n\t\t\t\t\t\t\t<div class=\"elementor-accordion\">\n\t\t\t\t\t\t\t<div class=\"elementor-accordion-item\">\n\t\t\t\t\t<div id=\"elementor-tab-title-2281\" class=\"elementor-tab-title\" data-tab=\"1\" role=\"button\" aria-controls=\"elementor-tab-content-2281\" aria-expanded=\"false\">\n\t\t\t\t\t\t\t\t\t\t\t\t\t<span class=\"elementor-accordion-icon elementor-accordion-icon-left\" aria-hidden=\"true\">\n\t\t\t\t\t\t\t\t\t\t\t\t\t\t\t<span class=\"elementor-accordion-icon-closed\"><i class=\"fas fa-plus\"><\/i><\/span>\n\t\t\t\t\t\t\t\t<span class=\"elementor-accordion-icon-opened\"><i class=\"fas fa-minus\"><\/i><\/span>\n\t\t\t\t\t\t\t\t\t\t\t\t\t\t<\/span>\n\t\t\t\t\t\t\t\t\t\t\t\t<a class=\"elementor-accordion-title\" tabindex=\"0\">MOLITVA SVETOG FLORIJANA NA \u010cASU NJEGOVE SMRTI<\/a>\n\t\t\t\t\t<\/div>\n\t\t\t\t\t<div id=\"elementor-tab-content-2281\" class=\"elementor-tab-content elementor-clearfix\" data-tab=\"1\" role=\"region\" aria-labelledby=\"elementor-tab-title-2281\"><p>Gospodine, Bo\u017ee moj, u tebe se uzdam i ne mogu te zanijekati, nego se za tebe borim i tebi prinosim \u017ertvu hvale. Neka me za\u0161titi tvoja desnica, jer blagoslovljeno je ime tvoje na nebu i na zemlji. Gospodine, daj mi vrlinu podno\u0161enja i prihvati me me\u0111u svete tvoje borce, koji su prije mene ispovijedali sveto ime tvoje. Odjeni me, Gospodine u bijelu haljinu svoje vrline i u Duhu Svetom oja\u010daj me. I ne dozvoli da budem poga\u017een od \u0111avla, nego mi budi vo\u0111a na putu pravde i u vrlini svojoj, da te hvalim i tebi himan kazujem, jer si blagoslovljen u vjekove.\u00a0 Amen<\/p><\/div>\n\t\t\t\t<\/div>\n\t\t\t\t\t\t\t<div class=\"elementor-accordion-item\">\n\t\t\t\t\t<div id=\"elementor-tab-title-2282\" class=\"elementor-tab-title\" data-tab=\"2\" role=\"button\" aria-controls=\"elementor-tab-content-2282\" aria-expanded=\"false\">\n\t\t\t\t\t\t\t\t\t\t\t\t\t<span class=\"elementor-accordion-icon elementor-accordion-icon-left\" aria-hidden=\"true\">\n\t\t\t\t\t\t\t\t\t\t\t\t\t\t\t<span class=\"elementor-accordion-icon-closed\"><i class=\"fas fa-plus\"><\/i><\/span>\n\t\t\t\t\t\t\t\t<span class=\"elementor-accordion-icon-opened\"><i class=\"fas fa-minus\"><\/i><\/span>\n\t\t\t\t\t\t\t\t\t\t\t\t\t\t<\/span>\n\t\t\t\t\t\t\t\t\t\t\t\t<a class=\"elementor-accordion-title\" tabindex=\"0\">MOLITVA NA USKRSNO JUTRO<\/a>\n\t\t\t\t\t<\/div>\n\t\t\t\t\t<div id=\"elementor-tab-content-2282\" class=\"elementor-tab-content elementor-clearfix\" data-tab=\"2\" role=\"region\" aria-labelledby=\"elementor-tab-title-2282\"><p>Hvala \u0161to si poslao svoga Sina Isusa na zemlju da postane \u010dovjek i umre na kri\u017eu kako bi platio cijenu za moje grijehe. Hvala Ti \u0161to po Njemu imam zajedni\u0161tvo s Tobom. Ovog uskrsnog jutra iznova se radujem Njegovoj pobjedi nad smr\u0107u, jer Njegova pobjeda je i moja pobjeda. Grob nije bio kraj za Njega. Tre\u0107i je dan uskrsnuo i posvjedo\u010dio da smrt nema zadnju rije\u010d. Daj da svaki dan osje\u0107am i znam istinu Isusova uskrsnu\u0107a. Podsjeti me da su Tvoja djeca \u201cljudi uskrsnu\u0107a\u201d \u2013 imamo vje\u010dnu nadu. Bez obzira koliko \u017eivot na zemlji zna biti te\u017eak, jednoga dana \u0107emo biti u Tvome Kraljevstvu gdje ne\u0107e biti smrti, boli, tuge, patnje \u2026 Amen!<\/p><\/div>\n\t\t\t\t<\/div>\n\t\t\t\t\t\t\t<div class=\"elementor-accordion-item\">\n\t\t\t\t\t<div id=\"elementor-tab-title-2283\" class=\"elementor-tab-title\" data-tab=\"3\" role=\"button\" aria-controls=\"elementor-tab-content-2283\" aria-expanded=\"false\">\n\t\t\t\t\t\t\t\t\t\t\t\t\t<span class=\"elementor-accordion-icon elementor-accordion-icon-left\" aria-hidden=\"true\">\n\t\t\t\t\t\t\t\t\t\t\t\t\t\t\t<span class=\"elementor-accordion-icon-closed\"><i class=\"fas fa-plus\"><\/i><\/span>\n\t\t\t\t\t\t\t\t<span class=\"elementor-accordion-icon-opened\"><i class=\"fas fa-minus\"><\/i><\/span>\n\t\t\t\t\t\t\t\t\t\t\t\t\t\t<\/span>\n\t\t\t\t\t\t\t\t\t\t\t\t<a class=\"elementor-accordion-title\" tabindex=\"0\">MOLITVA ZA MIR I PRESTANAK RATA<\/a>\n\t\t\t\t\t<\/div>\n\t\t\t\t\t<div id=\"elementor-tab-content-2283\" class=\"elementor-tab-content elementor-clearfix\" data-tab=\"3\" role=\"region\" aria-labelledby=\"elementor-tab-title-2283\"><p>O Bo\u017ee, stvoritelju na\u0161, stvoritelju neba i zemlje. Molimo Te danas za mir na prostoru Ukrajine i Europe. O\u010de Ti si tvorac svijeta, na \u010diju je sliku i priliku svatko od nas stvoren poslu\u0161aj danas na\u0161 vapaj i molitvu. Molimo za mir u svijetu, za prestanak rata u Ukrajini i Europi. O dobri i milostivi Bo\u017ee, molimo za mir koji nam samo Ti mo\u017ee\u0161 dati. Blagoslovi dr\u017eavnike koji su u ranom vihoru i neka se svaka mr\u017enja u njihovim srcima makne snagom Imena Isusova. Svjetskim vo\u0111ama, O\u010de, daj duha mudrosti i straha Bo\u017ejega u Isusovo ime. Onima koji su uzeli oru\u017eje u bijesu ili \u017eele osvetu u cilju pravde, molimo dotakni njihovo srce i daj im milost obra\u0107enja i dovedi ih na put mirnog dijaloga i konstruktivne suradnje. Nedu\u017enima koji \u017eive u sjeni rata i terora, a posebno prepla\u0161enoj djeci, budi zaklon i snaga, njihova luka i nada. I onima koji su ve\u0107 izgubili \u017eivote kao \u017ertve ljudske okrutnosti rata, otvori svoje ruke i obuhvati ih sve u zagrljaj svoje ljubavi i vje\u010dnog \u017eivota. Usli\u0161i nas o\u010de po Isusu Kristu, svom sinu, na\u0161em Gospodinu. Amen <br \/>Marijo, Majko svih i Kraljice mira, moli za nas.<\/p><\/div>\n\t\t\t\t<\/div>\n\t\t\t\t\t\t\t<div class=\"elementor-accordion-item\">\n\t\t\t\t\t<div id=\"elementor-tab-title-2284\" class=\"elementor-tab-title\" data-tab=\"4\" role=\"button\" aria-controls=\"elementor-tab-content-2284\" aria-expanded=\"false\">\n\t\t\t\t\t\t\t\t\t\t\t\t\t<span class=\"elementor-accordion-icon elementor-accordion-icon-left\" aria-hidden=\"true\">\n\t\t\t\t\t\t\t\t\t\t\t\t\t\t\t<span class=\"elementor-accordion-icon-closed\"><i class=\"fas fa-plus\"><\/i><\/span>\n\t\t\t\t\t\t\t\t<span class=\"elementor-accordion-icon-opened\"><i class=\"fas fa-minus\"><\/i><\/span>\n\t\t\t\t\t\t\t\t\t\t\t\t\t\t<\/span>\n\t\t\t\t\t\t\t\t\t\t\t\t<a class=\"elementor-accordion-title\" tabindex=\"0\">MOLITVA ZA PROGLA\u0160ENJEM SVETIM BL. ALOJZIJA STEPINCA<\/a>\n\t\t\t\t\t<\/div>\n\t\t\t\t\t<div id=\"elementor-tab-content-2284\" class=\"elementor-tab-content elementor-clearfix\" data-tab=\"4\" role=\"region\" aria-labelledby=\"elementor-tab-title-2284\"><p>Gospodine Bo\u017ee, izvore svetosti i milosti, bla\u017eenoga Alojzija, pastira i mu\u010denika, pozvao si da ti slu\u017ei kao navjestitelj i branitelj istine i kao hrabri svjedok vjernosti Crkvi. Poslu\u0161an tvojoj Rije\u010di i vo\u0111en Duhom tvoje ljubavi, zauzimao se za siroma\u0161ne i obespravljene; ostavio nam je divno svjetlo \u010diste savjesti, pouzdanja u tebe i ustrajnosti u trpljenju. Ponizno te molimo da nas obdari\u0161 svojom rado\u0161\u0107u te bla\u017eenoga Alojzija ubroji\u0161 me\u0111u svece sveop\u0107e Crkve, da bismo ga mogli jo\u0161 predanije slijediti i ute\u0107i se njegovu mo\u0107nom zagovoru u svojim \u017eivotnim potrebama. Po njegovim molitvama ja\u010daj proro\u010dki glas Crkve, koji \u0161iri nadu u dolazak tvojega kraljevstva, pra\u0107en blizinom i utjehom Bla\u017eene Djevice Marije, Majke i Kraljice vjernoga ti naroda. Po Kristu Gospodinu na\u0161emu. Amen!<\/p><\/div>\n\t\t\t\t<\/div>\n\t\t\t\t\t\t\t<div class=\"elementor-accordion-item\">\n\t\t\t\t\t<div id=\"elementor-tab-title-2285\" class=\"elementor-tab-title\" data-tab=\"5\" role=\"button\" aria-controls=\"elementor-tab-content-2285\" aria-expanded=\"false\">\n\t\t\t\t\t\t\t\t\t\t\t\t\t<span class=\"elementor-accordion-icon elementor-accordion-icon-left\" aria-hidden=\"true\">\n\t\t\t\t\t\t\t\t\t\t\t\t\t\t\t<span class=\"elementor-accordion-icon-closed\"><i class=\"fas fa-plus\"><\/i><\/span>\n\t\t\t\t\t\t\t\t<span class=\"elementor-accordion-icon-opened\"><i class=\"fas fa-minus\"><\/i><\/span>\n\t\t\t\t\t\t\t\t\t\t\t\t\t\t<\/span>\n\t\t\t\t\t\t\t\t\t\t\t\t<a class=\"elementor-accordion-title\" tabindex=\"0\">MOLITVA PRIJE \u010cITANJA SV. PISMA <\/a>\n\t\t\t\t\t<\/div>\n\t\t\t\t\t<div id=\"elementor-tab-content-2285\" class=\"elementor-tab-content elementor-clearfix\" data-tab=\"5\" role=\"region\" aria-labelledby=\"elementor-tab-title-2285\"><p>(Preporu\u010duje papa Benedikt XVI)<\/p><p>Isuse, istinsko svjetlo, koji osvjetljava\u0161 svakog \u010dovjeka koji dolazi na svijet, ispovijedamo i vjerujemo da si ti Sin Bo\u017eji, kojeg je Otac poslao da nam bude\u0161 u\u010ditelj. Pou\u010di nas o istini. Tvoja rije\u010d je istina, duh i \u017eivot. Ali tko je od nas dostojan otvoriti evan\u0111elje i proniknuti njegovu dubinu? Samo ti, Gospodine Isuse Kriste, koji si za nas umro na kri\u017eu i otkupio nas svojom krvlju. Gospodine, daj nam milost da u duhu svete Crkve spoznamo velike istine koje si po evan\u0111elju objavio ljudima. Otvori nam riznicu svoje mudrosti. U\u010dini da tvoja rije\u010d koja pro\u017eima na\u0161u du\u0161u, osvjetljava i posve\u0107uje na\u0161 \u017eivot, dok ne do\u0111emo u nebo, gdje ti \u017eivi\u0161 i kraljuje\u0161 u vijeke vjekova. Amen.<\/p><\/div>\n\t\t\t\t<\/div>\n\t\t\t\t\t\t\t<div class=\"elementor-accordion-item\">\n\t\t\t\t\t<div id=\"elementor-tab-title-2286\" class=\"elementor-tab-title\" data-tab=\"6\" role=\"button\" aria-controls=\"elementor-tab-content-2286\" aria-expanded=\"false\">\n\t\t\t\t\t\t\t\t\t\t\t\t\t<span class=\"elementor-accordion-icon elementor-accordion-icon-left\" aria-hidden=\"true\">\n\t\t\t\t\t\t\t\t\t\t\t\t\t\t\t<span class=\"elementor-accordion-icon-closed\"><i class=\"fas fa-plus\"><\/i><\/span>\n\t\t\t\t\t\t\t\t<span class=\"elementor-accordion-icon-opened\"><i class=\"fas fa-minus\"><\/i><\/span>\n\t\t\t\t\t\t\t\t\t\t\t\t\t\t<\/span>\n\t\t\t\t\t\t\t\t\t\t\t\t<a class=\"elementor-accordion-title\" tabindex=\"0\">MOLITVA ZA JEDINSTVO KR\u0160\u0106ANA<\/a>\n\t\t\t\t\t<\/div>\n\t\t\t\t\t<div id=\"elementor-tab-content-2286\" class=\"elementor-tab-content elementor-clearfix\" data-tab=\"6\" role=\"region\" aria-labelledby=\"elementor-tab-title-2286\"><p>Isuse Kriste, Gospodine i Spasitelju na\u0161, Ti si obe\u0107ao ostati s nama zauvijek. Ti poziva\u0161 sve kr\u0161\u0107ane k sebi da budu dionici Tvoga Tijela i Krvi. Ali na\u0161 grijeh nas je podijelio te vi\u0161e ne mo\u017eemo sudjelovati u Tvojoj Svetoj Euharistiji zajedno. Priznajemo ovaj svoj grijeh i molimo Te, oprosti nam i pomozi nam da slu\u017eimo putovima pomirenja, u skladu s Tvojom voljom. Zapali na\u0161a srca ognjem Duha Svetoga. Daj nam Duha mudrosti i vjere, odva\u017enosti i strpljivosti, poniznosti i \u010dvrsto\u0107e, ljubavi i kajanja, po zagovoru Presvete Bogorodice i svih svetih. Amen.<\/p><\/div>\n\t\t\t\t<\/div>\n\t\t\t\t\t\t\t<div class=\"elementor-accordion-item\">\n\t\t\t\t\t<div id=\"elementor-tab-title-2287\" class=\"elementor-tab-title\" data-tab=\"7\" role=\"button\" aria-controls=\"elementor-tab-content-2287\" aria-expanded=\"false\">\n\t\t\t\t\t\t\t\t\t\t\t\t\t<span class=\"elementor-accordion-icon elementor-accordion-icon-left\" aria-hidden=\"true\">\n\t\t\t\t\t\t\t\t\t\t\t\t\t\t\t<span class=\"elementor-accordion-icon-closed\"><i class=\"fas fa-plus\"><\/i><\/span>\n\t\t\t\t\t\t\t\t<span class=\"elementor-accordion-icon-opened\"><i class=\"fas fa-minus\"><\/i><\/span>\n\t\t\t\t\t\t\t\t\t\t\t\t\t\t<\/span>\n\t\t\t\t\t\t\t\t\t\t\t\t<a class=\"elementor-accordion-title\" tabindex=\"0\">MOLITVA PRESVETOJ BOGORODICI (AKATIST)<\/a>\n\t\t\t\t\t<\/div>\n\t\t\t\t\t<div id=\"elementor-tab-content-2287\" class=\"elementor-tab-content elementor-clearfix\" data-tab=\"7\" role=\"region\" aria-labelledby=\"elementor-tab-title-2287\"><p>Predobra, pre\u010dista, Gospo, Vladarice i Bogorodice, primi ove \u010dasne darove koji se jedino tebi prili\u010de od nas, nedostojnih slugu tvojih. Ti, najja\u010da me\u0111u svim pokoljenjima, pokazala si se uzvi\u0161enijom od svih nebesnika i zemnika. Budu\u0107i da je preko tebe Gospod sila do\u0161ao me\u0111u nas, po tebi smo upoznali Sina Bo\u017ejega i po tebi nam je dano biti pri\u010desnicima Njegova svetog Tijela i njegove pre\u010diste Krvi. Zbog toga si bla\u017eena iz pokoljenja u pokoljenje, Bogom si bla\u017eena jer si sjajnija od kerubina i \u010dasnija od serafina. I sada, preslavna presveta Bogorodice, ne prestaj se moliti za nas nedostojne sluge tvoje: izbavi nas od svakojakih zlih pomisli i od svih nevolja, sa\u010duvaj nas bezbri\u017ene od svih \u0161tetnih vra\u017ejih nasrtaja. Za\u0161titi nas svojim molitvama da ne budemo osu\u0111eni na koncu na\u0161ega \u017eivota, ve\u0107 da, spa\u0161eni po tvojem zagovoru i pomo\u0107i, uzmognemo dati slavu, hvalu, zahvalu i klanjanje za sve, u Trojici jedinomu Bogu i Stvoritelju svega, sada i vazda i u vijeke vjekova. Amen.<\/p><\/div>\n\t\t\t\t<\/div>\n\t\t\t\t\t\t\t<div class=\"elementor-accordion-item\">\n\t\t\t\t\t<div id=\"elementor-tab-title-2288\" class=\"elementor-tab-title\" data-tab=\"8\" role=\"button\" aria-controls=\"elementor-tab-content-2288\" aria-expanded=\"false\">\n\t\t\t\t\t\t\t\t\t\t\t\t\t<span class=\"elementor-accordion-icon elementor-accordion-icon-left\" aria-hidden=\"true\">\n\t\t\t\t\t\t\t\t\t\t\t\t\t\t\t<span class=\"elementor-accordion-icon-closed\"><i class=\"fas fa-plus\"><\/i><\/span>\n\t\t\t\t\t\t\t\t<span class=\"elementor-accordion-icon-opened\"><i class=\"fas fa-minus\"><\/i><\/span>\n\t\t\t\t\t\t\t\t\t\t\t\t\t\t<\/span>\n\t\t\t\t\t\t\t\t\t\t\t\t<a class=\"elementor-accordion-title\" tabindex=\"0\">MOLITVA NA II. NEDJELJU DO\u0160A\u0160\u0106A<\/a>\n\t\t\t\t\t<\/div>\n\t\t\t\t\t<div id=\"elementor-tab-content-2288\" class=\"elementor-tab-content elementor-clearfix\" data-tab=\"8\" role=\"region\" aria-labelledby=\"elementor-tab-title-2288\"><p>U\u010dini nas, Gospodine, krotkima. Ne dopusti da nas obuzme zlo neumjerenosti, pohlepe ili rasipnosti. Oslobodi na\u0161e rije\u010di bahatosti, a na\u0161a djela obijesti. Udalji od nas oholost i umi\u0161ljenost. Ne dopusti da ikoga podcjenjujemo. U\u010dini nas, Gospodine, milosrdnima. Oslobodi nas bezobzirnosti i nesolidarnosti. Udalji od nas napast omalova\u017eavanja i ne dopusti da nas zarobi zlo ravnodu\u0161nosti prema problemima koje ima na\u0161a domovina, zemlja \u010dija smo djeca i svi njeni stanovnici. U\u010dini, Gospodine, da imamo \u010disto srce. Oslobodi nas podmuklosti i dvoli\u010dnosti. Udalji od nas napast ogovaranja i klevetanja. Pomozi nam da na\u0161e djelovanje bude po\u0161teno, iskreno i znak ljubavi prema Bogu i \u010dovjeku. U\u010dini nas, Gospodine, mirotvorcima. U dalji od nas svaki oblik diskriminacije, napast nepovjerenja i zlo predrasuda. Daj nam snage da \u017eivimo u skladu s tvojom Rije\u010dju i da po\u0161tujemo zakone. Blagoslovi nas da po nama bude vi\u0161e dobra, ljepote i sre\u0107e na svijetu. U\u010dini nas oru\u0111em svoga mira. Amen<\/p><\/div>\n\t\t\t\t<\/div>\n\t\t\t\t\t\t\t<div class=\"elementor-accordion-item\">\n\t\t\t\t\t<div id=\"elementor-tab-title-2289\" class=\"elementor-tab-title\" data-tab=\"9\" role=\"button\" aria-controls=\"elementor-tab-content-2289\" aria-expanded=\"false\">\n\t\t\t\t\t\t\t\t\t\t\t\t\t<span class=\"elementor-accordion-icon elementor-accordion-icon-left\" aria-hidden=\"true\">\n\t\t\t\t\t\t\t\t\t\t\t\t\t\t\t<span class=\"elementor-accordion-icon-closed\"><i class=\"fas fa-plus\"><\/i><\/span>\n\t\t\t\t\t\t\t\t<span class=\"elementor-accordion-icon-opened\"><i class=\"fas fa-minus\"><\/i><\/span>\n\t\t\t\t\t\t\t\t\t\t\t\t\t\t<\/span>\n\t\t\t\t\t\t\t\t\t\t\t\t<a class=\"elementor-accordion-title\" tabindex=\"0\">MOLITVA NA PO\u010cETKU DO\u0160A\u0160\u0106A<\/a>\n\t\t\t\t\t<\/div>\n\t\t\t\t\t<div id=\"elementor-tab-content-2289\" class=\"elementor-tab-content elementor-clearfix\" data-tab=\"9\" role=\"region\" aria-labelledby=\"elementor-tab-title-2289\"><p>Bo\u017ee, budi danas sa mnom dok zapo\u010dinjem hod novog do\u0161a\u0161\u0107a. Pomozi mi da se pribli\u017eujem tebi i tvome planu za mene. Amen. Svemogu\u0107i Bo\u017ee, mi s vjerom i\u0161\u010dekujemo Kristov dolazak. Udijeli, molimo te, da mu idemo ususret pravednim \u017eivotom te nas, kad do\u0111e, postavi sebi s desne i uvede u kraljevstvo nebesko. Po Gospodinu na\u0161em Isusu Kristu, Sinu tvome, koji s tobom \u017eivi i kraljuje u jedinstvu Duha Svetoga, Bog, po sve vijeke vjekova. Amen<\/p><\/div>\n\t\t\t\t<\/div>\n\t\t\t\t\t\t\t<div class=\"elementor-accordion-item\">\n\t\t\t\t\t<div id=\"elementor-tab-title-22810\" class=\"elementor-tab-title\" data-tab=\"10\" role=\"button\" aria-controls=\"elementor-tab-content-22810\" aria-expanded=\"false\">\n\t\t\t\t\t\t\t\t\t\t\t\t\t<span class=\"elementor-accordion-icon elementor-accordion-icon-left\" aria-hidden=\"true\">\n\t\t\t\t\t\t\t\t\t\t\t\t\t\t\t<span class=\"elementor-accordion-icon-closed\"><i class=\"fas fa-plus\"><\/i><\/span>\n\t\t\t\t\t\t\t\t<span class=\"elementor-accordion-icon-opened\"><i class=\"fas fa-minus\"><\/i><\/span>\n\t\t\t\t\t\t\t\t\t\t\t\t\t\t<\/span>\n\t\t\t\t\t\t\t\t\t\t\t\t<a class=\"elementor-accordion-title\" tabindex=\"0\">MOLITVA ZA OSLOBO\u0110ENJE OD STRAHA<\/a>\n\t\t\t\t\t<\/div>\n\t\t\t\t\t<div id=\"elementor-tab-content-22810\" class=\"elementor-tab-content elementor-clearfix\" data-tab=\"10\" role=\"region\" aria-labelledby=\"elementor-tab-title-22810\"><p>Oslobodi me, Gospodine, od svake vrste straha.<br \/>Oslobodi me straha da ni\u0161ta ne vrijedim i da nisam dovoljno sposoban.<br \/>Oslobodi me od straha da ne\u0107u biti voljen ili da \u0107u biti odba\u010den i neprihva\u0107en.<br \/>Oslobodi me straha od samo\u0107e, bolesti i smrti.<br \/>Molim Te, oslobodi me straha od ljudi i straha da sam lo\u0161iji i slabiji od drugih.<br \/>Oslobodi me straha da \u0107e mi se ne\u0161to lo\u0161e dogoditi i da ne\u0107u uspjeti u svojim poslovima.<br \/>Oslobodi me straha od progonstva zbog svjedo\u010denja i vodi me po Duhu Svetom da \u017eivim po Tvojoj volji!<br \/>Ohrabri me da se ne bojim istine i da je uvijek govorim.<br \/>Ovo molim uzdaju\u0107i se u mo\u0107ni zagovor Majke Bo\u017eje \u017dalosne, te u snazi i mo\u0107i Isusa Krista koji \u017eivi i kraljuje u vijeke vjekova. Amen.<\/p><\/div>\n\t\t\t\t<\/div>\n\t\t\t\t\t\t\t<div class=\"elementor-accordion-item\">\n\t\t\t\t\t<div id=\"elementor-tab-title-22811\" class=\"elementor-tab-title\" data-tab=\"11\" role=\"button\" aria-controls=\"elementor-tab-content-22811\" aria-expanded=\"false\">\n\t\t\t\t\t\t\t\t\t\t\t\t\t<span class=\"elementor-accordion-icon elementor-accordion-icon-left\" aria-hidden=\"true\">\n\t\t\t\t\t\t\t\t\t\t\t\t\t\t\t<span class=\"elementor-accordion-icon-closed\"><i class=\"fas fa-plus\"><\/i><\/span>\n\t\t\t\t\t\t\t\t<span class=\"elementor-accordion-icon-opened\"><i class=\"fas fa-minus\"><\/i><\/span>\n\t\t\t\t\t\t\t\t\t\t\t\t\t\t<\/span>\n\t\t\t\t\t\t\t\t\t\t\t\t<a class=\"elementor-accordion-title\" tabindex=\"0\">MOLITVA NA SVETKOVINU SVIH SVETIH<\/a>\n\t\t\t\t\t<\/div>\n\t\t\t\t\t<div id=\"elementor-tab-content-22811\" class=\"elementor-tab-content elementor-clearfix\" data-tab=\"11\" role=\"region\" aria-labelledby=\"elementor-tab-title-22811\"><p>Radujmo se svi u Gospodinu! Svetkujmo blagdan u \u010dast svih svetih! Njihovu se blagdanu raduju an\u0111eli i zajedno s njima slave Sina Bo\u017ejega. Danas slavimo Tvoj sveti Grad, svoju domovinu, nebeski Jeruzalem. Ondje Te zauvijek hvale preobra\u017eeni udovi Crkve, na\u0161a bra\u0107a i sestre u slavi. Onamo u vjeri i mi putujemo, ohrabreni njihovim zagovorom i primjerom.<\/p><p><strong>Pomolimo se! <\/strong>Svemogu\u0107i vje\u010dni Bo\u017ee, danas zajedno slavimo zasluge svih svetih. Molimo Te: \u0161to vi\u0161e zagovornika, udijeli nam i ve\u0107e obilje svoga milosr\u0111a. Po Kristu Gospodinu na\u0161emu. Amen.<\/p><\/div>\n\t\t\t\t<\/div>\n\t\t\t\t\t\t\t<div class=\"elementor-accordion-item\">\n\t\t\t\t\t<div id=\"elementor-tab-title-22812\" class=\"elementor-tab-title\" data-tab=\"12\" role=\"button\" aria-controls=\"elementor-tab-content-22812\" aria-expanded=\"false\">\n\t\t\t\t\t\t\t\t\t\t\t\t\t<span class=\"elementor-accordion-icon elementor-accordion-icon-left\" aria-hidden=\"true\">\n\t\t\t\t\t\t\t\t\t\t\t\t\t\t\t<span class=\"elementor-accordion-icon-closed\"><i class=\"fas fa-plus\"><\/i><\/span>\n\t\t\t\t\t\t\t\t<span class=\"elementor-accordion-icon-opened\"><i class=\"fas fa-minus\"><\/i><\/span>\n\t\t\t\t\t\t\t\t\t\t\t\t\t\t<\/span>\n\t\t\t\t\t\t\t\t\t\t\t\t<a class=\"elementor-accordion-title\" tabindex=\"0\">MOLITVA ZA POKOJNE<\/a>\n\t\t\t\t\t<\/div>\n\t\t\t\t\t<div id=\"elementor-tab-content-22812\" class=\"elementor-tab-content elementor-clearfix\" data-tab=\"12\" role=\"region\" aria-labelledby=\"elementor-tab-title-22812\"><p>Hvala ti Gospodine, za osobe s kojima smo dijelili radost i tugu svagda\u0161njeg \u017eivota, I osobito za one koji su nam bili bliski i dragi, a napustili su nas s ovog svijeta. Zahvaljujemo ti Gospodine za svu njihovu ljubav i razumijevanje koje su prema nama pokazivali, za njihovo prijateljstvo, za mir koji su me\u0111u nas donosili, za lijepe rije\u010di koje su nam upu\u0107ivali. Opra\u0161tam im svaku krivu rije\u010d i svaki krivi postupak kojima su nas povrijedili. Dok osje\u0107amo bol i prazninu zbog njihove odsutnosti tijelom, molimo te, milosrdan budi na\u0161im pokojnima, otkrij im svoje lice i udijeli im dar vje\u010dnoga \u017eivota.\u00a0\u00a0\u00a0\u00a0\u00a0\u00a0 Daj da i mi jednog dana s njima u\u017eivamo bla\u017eenstvo tvoje nazo\u010dnosti. Amen<\/p><\/div>\n\t\t\t\t<\/div>\n\t\t\t\t\t\t\t<div class=\"elementor-accordion-item\">\n\t\t\t\t\t<div id=\"elementor-tab-title-22813\" class=\"elementor-tab-title\" data-tab=\"13\" role=\"button\" aria-controls=\"elementor-tab-content-22813\" aria-expanded=\"false\">\n\t\t\t\t\t\t\t\t\t\t\t\t\t<span class=\"elementor-accordion-icon elementor-accordion-icon-left\" aria-hidden=\"true\">\n\t\t\t\t\t\t\t\t\t\t\t\t\t\t\t<span class=\"elementor-accordion-icon-closed\"><i class=\"fas fa-plus\"><\/i><\/span>\n\t\t\t\t\t\t\t\t<span class=\"elementor-accordion-icon-opened\"><i class=\"fas fa-minus\"><\/i><\/span>\n\t\t\t\t\t\t\t\t\t\t\t\t\t\t<\/span>\n\t\t\t\t\t\t\t\t\t\t\t\t<a class=\"elementor-accordion-title\" tabindex=\"0\">MOLITVA U BOLESTI<\/a>\n\t\t\t\t\t<\/div>\n\t\t\t\t\t<div id=\"elementor-tab-content-22813\" class=\"elementor-tab-content elementor-clearfix\" data-tab=\"13\" role=\"region\" aria-labelledby=\"elementor-tab-title-22813\"><p>Djevice i Majko na\u0161ega Otkupitelja, dok je visio na kri\u017eu, Isus nam te je dao za Majku. Nebrojeni ljudi vjekovima te zazivaju u bolesti i potrebi. Sama si pretrpjela veliku bol u \u017eivotu svojega Sina, napose onda kada se njegov \u017eivot gasio kao sjajni plamen. Uzdala si se i vidjela njegovo uskrsnu\u0107e. Dolazim k tebi, Djevice Marijo, u svojoj bolesti i danas se molim za sve bolesne na ovome svijetu. Posebno molim za one koji ne znaju kamo bi se okrenuli, koji nemaju nade. Zahvalan sam \u0161to se mogu okrenuti tvojemu Sinu i tebi i zamoliti te da posreduje\u0161 za mene, da me uzme\u0161 za ruku dok pro\u017eivljavam ove bolne trenutke. Ako je Bo\u017eja volja, molim te da ozdravim i nastavim \u017eivjeti. Ako mi je, me\u0111utim, su\u0111eno da mi ovo bude kraj, pomozi mi da zavr\u0161im \u017eivot u milosti i da stignem do prekrasnoga novog po\u010detka koji nam je Krist obe\u0107ao. Molim za to, Djevice Marijo, tebe i tvojega Sina, Krista, Gospodina na\u0161ega. Amen.<\/p><\/div>\n\t\t\t\t<\/div>\n\t\t\t\t\t\t\t\t<\/div>\n\t\t\t\t\t\t<\/div>\n\t\t\t\t<\/div>\n\t\t\t\t\t<\/div>\n\t\t<\/div>\n\t\t\t\t\t<\/div>\n\t\t<\/section>\n\t\t\t\t<\/div>\n\t\t","protected":false},"excerpt":{"rendered":"<p>MOLITVA SVETOG FLORIJANA NA \u010cASU NJEGOVE SMRTI Gospodine, Bo\u017ee moj, u tebe se uzdam i ne mogu te zanijekati, nego se za tebe borim i tebi prinosim \u017ertvu hvale. Neka&hellip;<\/p>\n","protected":false},"author":1,"featured_media":0,"parent":0,"menu_order":0,"comment_status":"closed","ping_status":"closed","template":"","meta":{"cybocfi_hide_featured_image":"","footnotes":""},"class_list":["post-903","page","type-page","status-publish","hentry"],"_links":{"self":[{"href":"https:\/\/www.zupabdm-novabukovica.hr\/index.php?rest_route=\/wp\/v2\/pages\/903","targetHints":{"allow":["GET"]}}],"collection":[{"href":"https:\/\/www.zupabdm-novabukovica.hr\/index.php?rest_route=\/wp\/v2\/pages"}],"about":[{"href":"https:\/\/www.zupabdm-novabukovica.hr\/index.php?rest_route=\/wp\/v2\/types\/page"}],"author":[{"embeddable":true,"href":"https:\/\/www.zupabdm-novabukovica.hr\/index.php?rest_route=\/wp\/v2\/users\/1"}],"replies":[{"embeddable":true,"href":"https:\/\/www.zupabdm-novabukovica.hr\/index.php?rest_route=%2Fwp%2Fv2%2Fcomments&post=903"}],"version-history":[{"count":43,"href":"https:\/\/www.zupabdm-novabukovica.hr\/index.php?rest_route=\/wp\/v2\/pages\/903\/revisions"}],"predecessor-version":[{"id":1298,"href":"https:\/\/www.zupabdm-novabukovica.hr\/index.php?rest_route=\/wp\/v2\/pages\/903\/revisions\/1298"}],"wp:attachment":[{"href":"https:\/\/www.zupabdm-novabukovica.hr\/index.php?rest_route=%2Fwp%2Fv2%2Fmedia&parent=903"}],"curies":[{"name":"wp","href":"https:\/\/api.w.org\/{rel}","templated":true}]}}